{"id":87,"date":"2024-02-12T15:48:39","date_gmt":"2024-02-12T14:48:39","guid":{"rendered":"https:\/\/agroprocessexpertise.com\/?page_id=87"},"modified":"2024-02-21T10:46:45","modified_gmt":"2024-02-21T09:46:45","slug":"politique-de-confidentialite-mentions-legales","status":"publish","type":"page","link":"https:\/\/agroprocessexpertise.com\/index.php\/politique-de-confidentialite-mentions-legales\/","title":{"rendered":"Politique de confidentialit\u00e9 \/ Mentions l\u00e9gales"},"content":{"rendered":"\n<p><strong>1.Informations g\u00e9n\u00e9rales :<\/strong><\/p>\n\n\n\n<p>Le site www.agroprocessexeprtise.com ou agroprocessexpertise.com est \u00e9dit\u00e9 par l\u2019EURL Agro Process Expertise immatricul\u00e9e au RCS de Vannes sous le SIREN 892 946 153.<br>N\u00b0SIRET : 892 946 153 00012<br>N\u00b0 TVA : FR44892946153<br>Capital social : 1 000\u00a0\u20ac<br>Si\u00e8ge social : 56000 Vannes &#8211; France<br>Responsable de la publication : Ludovic Daniel<br>Contact :\u00a0<a href=\"mailto:contact@agroprocessexpertise.com\"><u>contact@agroprocessexpertise.com<\/u><\/a><\/p>\n\n\n\n<p><strong>2.H\u00e9bergement du site<\/strong><\/p>\n\n\n\n<p>Ce site est h\u00e9berg\u00e9 par\u00a0<a href=\"https:\/\/www.ovh.com\/\">OVH<\/a><br>SAS au capital de 10\u00a0174 560\u00a0\u20ac<br>RCS Lille M\u00e9tropole 424 761 419 00045<br>N\u00b0 TVA : FR 22 424 761 419<br>Si\u00e8ge social : 59053 Roubaix &#8211; France<\/p>\n\n\n\n<p>&nbsp;<strong>3.Cr\u00e9ation \u2013 d\u00e9veloppement du site<\/strong><\/p>\n\n\n\n<p>Conception, r\u00e9alisation et d\u00e9veloppement par Ludovic Daniel ci-dessus d\u00e9sign\u00e9 comme responsable de la publication et g\u00e9rant de la soci\u00e9t\u00e9 d\u00e9tentrice du site.<\/p>\n\n\n\n<p>&nbsp;<strong>4.Cr\u00e9dits photos et vid\u00e9os<\/strong><\/p>\n\n\n\n<p>Agro Process Expertise<\/p>\n\n\n\n<p>Banques photos web gratuites :<\/p>\n\n\n\n<p><strong>5.Contact<\/strong><\/p>\n\n\n\n<p>Pour nous contacter, vous pouvez le faire via <a href=\"mailto:contact@agroprocessexpertise.com\">contact@agroprocessexpertise.com<\/a><\/p>\n\n\n\n<p><strong>6.R\u00e8glement et Conditions d\u2019utilisation<\/strong><\/p>\n\n\n\n<p>L\u2019utilisation du site internet&nbsp;agroprocessexpertise.com est r\u00e9gie par les mentions l\u00e9gales. L\u2019utilisateur d\u00e9clare avoir pris connaissance et avoir accept\u00e9 express\u00e9ment et de mani\u00e8re inconditionnelle les mentions l\u00e9gales en vigueur au jour de l\u2019acc\u00e8s au site internet.<\/p>\n\n\n\n<p>L\u2019utilisateur s\u2019interdit dans le cadre de l\u2019utilisation du site internet (www.agroprocessexeprtise.com ou agroprocessexepertise.com) de se livrer \u00e0 des actes, de quelque nature que ce soit, qui seraient contraires \u00e0 la loi fran\u00e7aise ou qui porteraient atteinte \u00e0 l\u2019ordre public ou aux droits d\u2019un tiers. Tout litige sera de la comp\u00e9tence exclusive des tribunaux fran\u00e7ais et notamment trait\u00e9s dans les tribunaux les plus proches.<\/p>\n\n\n\n<p>&nbsp;<strong>7.Contrefa\u00e7on<\/strong><\/p>\n\n\n\n<p>Toute reproduction, utilisation ou repr\u00e9sentation du site (www.agroprocessexeprtise.com ou agroprocessexepertise.com)&nbsp;en tout ou partie, \u00e0 d\u2019autres fins sur un quelconque support est interdite. Le non-respect de cette interdiction constitue une contrefa\u00e7on pouvant engager la responsabilit\u00e9 civile et p\u00e9nale du contrefacteur.&nbsp;<\/p>\n\n\n\n<p><strong>8.Responsabilit\u00e9<\/strong><\/p>\n\n\n\n<p>Nous n\u2019avons aucune obligation de moyens ni de r\u00e9sultats pour toutes les \u00e9tapes et fonctionnalit\u00e9s du site&nbsp;www.agroprocessexeprtise.com ou agroprocessexepertise.com .&nbsp;Notre responsabilit\u00e9 ne saurait \u00eatre engag\u00e9e pour tout inconv\u00e9nient ou dommage inh\u00e9rent \u00e0 l\u2019utilisation du r\u00e9seau internet, notamment une rupture du service, de bug, une intrusion ext\u00e9rieure ou la pr\u00e9sence de virus informatique, ou de tout fait qualifi\u00e9 de force majeure, conform\u00e9ment \u00e0 la jurisprudence.<\/p>\n\n\n\n<p><strong>9.<\/strong><strong>D\u00e9claration du site \u00e0 la CNIL<\/strong><\/p>\n\n\n\n<p>Conform\u00e9ment aux dispositions de la loi n\u00b0 78-17 du 6 janvier 1978 relative \u00e0 l\u2019informatique, aux fichiers et aux libert\u00e9s, le traitement automatis\u00e9 des donn\u00e9es nominatives r\u00e9alis\u00e9 \u00e0 partir de ce site Internet est exempt d\u2019une d\u00e9claration aupr\u00e8s de la Commission nationale de l\u2019informatique et des libert\u00e9s (CNIL).<\/p>\n\n\n\n<p><strong>10.D<\/strong><strong>o<\/strong><strong>nn\u00e9es nominatives<\/strong><\/p>\n\n\n\n<p>En application de la Loi n\u00b0 78-17 du 6 janvier 1978 relative \u00e0 l\u2019Informatique, aux Fichiers et aux Libert\u00e9s, vous disposez des droits d\u2019opposition (art. 26 de la loi), d\u2019acc\u00e8s (art.34 \u00e0 38 de la loi) et de rectification (art. 36 de la loi) des donn\u00e9es vous concernant.<\/p>\n\n\n\n<p>Vous pouvez nous contacter pour que soient rectifi\u00e9es, compl\u00e9t\u00e9es, mises \u00e0 jour ou effac\u00e9es les informations vous concernant qui sont inexactes, incompl\u00e8tes, \u00e9quivoques, p\u00e9rim\u00e9es ou dont la collecte ou l\u2019utilisation, la communication ou la conservation est interdite. Les informations qui vous concernent sont uniquement destin\u00e9es \u00e0 Agro Process Expertise (APE). Nous ne transmettons ces informations \u00e0 aucuns tiers (partenaires commerciaux, etc.).<\/p>\n\n\n\n<p><strong>11.Droits de propri\u00e9t\u00e9 intellectuelle<\/strong><\/p>\n\n\n\n<p>Le site Internet, sa structure g\u00e9n\u00e9rale, ainsi que les textes, savoir-faire, dessins, graphismes (\u2026) et tout autre \u00e9l\u00e9ment composant le site, sont la propri\u00e9t\u00e9 de Agro Process Expertise. Toute repr\u00e9sentation totale ou partielle de ce site par quelque proc\u00e9d\u00e9 que ce soit, sans l\u2019autorisation expresse de l\u2019exploitant du site Internet est interdite et constituerait une contrefa\u00e7on.<\/p>\n\n\n\n<p>Toute reproduction totale ou partielle de ces marques ou de ces logos, effectu\u00e9e \u00e0 partir des \u00e9l\u00e9ments du site sans l\u2019autorisation expresse de l\u2019exploitant du site Internet ou de son ayant-droit est donc prohib\u00e9e.<\/p>\n\n\n\n<p><\/p>\n","protected":false},"excerpt":{"rendered":"<p>1.Informations g\u00e9n\u00e9rales : Le site www.agroprocessexeprtise.com ou agroprocessexpertise.com est \u00e9dit\u00e9 par l\u2019EURL Agro Process Expertise immatricul\u00e9e au RCS de Vannes sous le SIREN 892 946 153.N\u00b0SIRET : 892 946 153 00012N\u00b0 TVA : FR44892946153Capital social : 1 000\u00a0\u20acSi\u00e8ge social : 56000 Vannes &#8211; FranceResponsable de la publication : Ludovic DanielContact :\u00a0contact@agroprocessexpertise.com 2.H\u00e9bergement du site Ce &hellip; <\/p>\n<p class=\"link-more\"><a href=\"https:\/\/agroprocessexpertise.com\/index.php\/politique-de-confidentialite-mentions-legales\/\" class=\"more-link\">Continuer la lecture<span class=\"screen-reader-text\"> de &laquo;&nbsp;Politique de confidentialit\u00e9 \/ Mentions l\u00e9gales&nbsp;&raquo;<\/span><\/a><\/p>\n","protected":false},"author":1,"featured_media":0,"parent":0,"menu_order":0,"comment_status":"closed","ping_status":"closed","template":"","meta":{"footnotes":""},"class_list":["post-87","page","type-page","status-publish","hentry"],"_links":{"self":[{"href":"https:\/\/agroprocessexpertise.com\/index.php\/wp-json\/wp\/v2\/pages\/87","targetHints":{"allow":["GET"]}}],"collection":[{"href":"https:\/\/agroprocessexpertise.com\/index.php\/wp-json\/wp\/v2\/pages"}],"about":[{"href":"https:\/\/agroprocessexpertise.com\/index.php\/wp-json\/wp\/v2\/types\/page"}],"author":[{"embeddable":true,"href":"https:\/\/agroprocessexpertise.com\/index.php\/wp-json\/wp\/v2\/users\/1"}],"replies":[{"embeddable":true,"href":"https:\/\/agroprocessexpertise.com\/index.php\/wp-json\/wp\/v2\/comments?post=87"}],"version-history":[{"count":6,"href":"https:\/\/agroprocessexpertise.com\/index.php\/wp-json\/wp\/v2\/pages\/87\/revisions"}],"predecessor-version":[{"id":167,"href":"https:\/\/agroprocessexpertise.com\/index.php\/wp-json\/wp\/v2\/pages\/87\/revisions\/167"}],"wp:attachment":[{"href":"https:\/\/agroprocessexpertise.com\/index.php\/wp-json\/wp\/v2\/media?parent=87"}],"curies":[{"name":"wp","href":"https:\/\/api.w.org\/{rel}","templated":true}]}}