{"id":73,"date":"2024-01-25T12:37:40","date_gmt":"2024-01-25T11:37:40","guid":{"rendered":"https:\/\/agroprocessexpertise.com\/?page_id=73"},"modified":"2026-04-16T10:30:47","modified_gmt":"2026-04-16T08:30:47","slug":"partenaires","status":"publish","type":"page","link":"https:\/\/agroprocessexpertise.com\/index.php\/partenaires\/","title":{"rendered":"Partenaires \/ Produits"},"content":{"rendered":"\n<p>Nous sommes fiers chez APE de repr\u00e9senter les marques suivantes :<\/p>\n\n\n\n<figure class=\"wp-block-image size-full is-resized\"><a href=\"https:\/\/www.beritech.dk\/en\/beritech\/seafood-processing\/\"><img loading=\"lazy\" decoding=\"async\" width=\"261\" height=\"94\" src=\"https:\/\/agroprocessexpertise.com\/wp-content\/uploads\/2024\/04\/image-3.png\" alt=\"\" class=\"wp-image-208\" style=\"aspect-ratio:2.7769601623953313;width:217px;height:auto\"\/><\/a><\/figure>\n\n\n\n<figure class=\"wp-block-image size-full is-resized\"><a href=\"https:\/\/www.scanvaegt.com\/en\/\"><img loading=\"lazy\" decoding=\"async\" width=\"174\" height=\"31\" src=\"https:\/\/agroprocessexpertise.com\/wp-content\/uploads\/2025\/03\/image-2.png\" alt=\"\" class=\"wp-image-226\" style=\"width:230px;height:auto\"\/><\/a><\/figure>\n\n\n\n<figure class=\"wp-block-image size-large is-resized\"><a href=\"https:\/\/samey.is\/en\/\"><img loading=\"lazy\" decoding=\"async\" width=\"140\" height=\"79\" src=\"https:\/\/agroprocessexpertise.com\/wp-content\/uploads\/2026\/04\/Sans-titre-1-edited.png\" alt=\"\" class=\"wp-image-271\" style=\"aspect-ratio:2.5823872353482664;width:230px;height:auto\"\/><\/a><\/figure>\n\n\n\n<figure class=\"wp-block-image size-full is-resized\"><a href=\"https:\/\/semistaal.com\/en\/\"><img loading=\"lazy\" decoding=\"async\" width=\"518\" height=\"129\" src=\"https:\/\/agroprocessexpertise.com\/wp-content\/uploads\/2026\/04\/image-2.png\" alt=\"\" class=\"wp-image-267\" style=\"aspect-ratio:4.016326530612245;width:217px;height:auto\" srcset=\"https:\/\/agroprocessexpertise.com\/wp-content\/uploads\/2026\/04\/image-2.png 518w, https:\/\/agroprocessexpertise.com\/wp-content\/uploads\/2026\/04\/image-2-300x75.png 300w\" sizes=\"auto, (max-width: 518px) 100vw, 518px\" \/><\/a><\/figure>\n\n\n\n<p><\/p>\n\n\n\n<p>Avec Beritech, Scanvaegt, Samey robotics et Semi Staal nous vous proposons les <strong>fonctions, \u00e9quipements et process<\/strong> suivants :<\/p>\n\n\n\n<p><br><a href=\"https:\/\/samey.is\/en\/\">Lignes robotis\u00e9es de chez Samey Robotics<\/a><\/p>\n\n\n\n<p><a href=\"https:\/\/www.scanvaegt.com\/en\/food-industry\/products\/static-weighing\/bench-scales\">Pesage statique (balances de table)<\/a><\/p>\n\n\n\n<p><a href=\"https:\/\/www.scanvaegt.com\/en\/food-industry\/products\/static-weighing\/floor-scales\">Pesage statique (plateformes au sol)<\/a><\/p>\n\n\n\n<p><a href=\"https:\/\/www.beritech.dk\/en\/beritech\/processing-products\/de-icing\/\">D\u00e9gla\u00e7age &amp; fondoir \u00e0 glace<\/a><\/p>\n\n\n\n<p><a href=\"https:\/\/www.beritech.dk\/en\/beritech\/processing-products\/de-icing\/\">Plateformes op\u00e9rateur &amp; machine<\/a><\/p>\n\n\n\n<p><a href=\"https:\/\/www.beritech.dk\/beritech\/produkter-seafood-processing\/rundt-deheading-table\/\">Et\u00eatage<\/a><\/p>\n\n\n\n<p><a href=\"https:\/\/www.beritech.dk\/en\/beritech\/processing-products\/filleting-machine\/\">Filetage (Saumon &amp; Truite)<\/a><\/p>\n\n\n\n<p><a href=\"https:\/\/www.beritech.dk\/beritech\/produkter-seafood-processing\/trimming-line\/\">Parage<\/a><\/p>\n\n\n\n<p><a href=\"https:\/\/www.beritech.dk\/beritech\/produkter-seafood-processing\/pinbone-remover\/\">D\u00e9sar\u00eatage<\/a><\/p>\n\n\n\n<p><a href=\"https:\/\/www.beritech.dk\/beritech\/produkter-seafood-processing\/pinbone-check\/\">Contr\u00f4le qualit\u00e9 <\/a><\/p>\n\n\n\n<p><a href=\"https:\/\/www.beritech.dk\/beritech\/produkter-seafood-processing\/dual-lane-salmon-skinner\/\">Pelage<\/a><\/p>\n\n\n\n<p><a href=\"https:\/\/www.beritech.dk\/en\/beritech\/lifting-and-handling\/\">Manutention (El\u00e9vateur, retourneur, etc.)<\/a><\/p>\n\n\n\n<p><a href=\"https:\/\/www.beritech.dk\/beritech\/produkter-seafood-processing\/deslimer\/\">Lavage (Poissons entiers et filets)<\/a><\/p>\n\n\n\n<p><a href=\"https:\/\/www.scanvaegt.com\/en\/food-industry\/products\/dynamic-weighing\/grading-batching\">Calibrage<\/a><\/p>\n\n\n\n<p><a href=\"https:\/\/www.scanvaegt.com\/en\/food-industry\/news\/sb520-scanbatcher-upgrade\/\">Mise en lots \u00e0 poids fixe<\/a><\/p>\n\n\n\n<p><a href=\"https:\/\/www.scanvaegt.com\/en\/food-industry\/products\/dynamic-weighing\/grading-batching\/scanvaegt-sg520-process-weigher\">Contr\u00f4le de poids<\/a><\/p>\n\n\n\n<p><a href=\"https:\/\/www.scanvaegt.com\/en\/food-industry\/products\/weighing-and-grading\/automatic-weighing-systems\/\">Pesage dynamique<\/a><\/p>\n\n\n\n<p><a href=\"https:\/\/www.scanvaegt.com\/en\/food-industry\/products\/portioning\/scancut-400-portion-cutter\">D\u00e9coupe \u00e0 poids fixe \/ Portionnage<\/a><\/p>\n\n\n\n<p><a href=\"https:\/\/www.scanvaegt.com\/en\/food-industry\/products\/it-systems\">Suite informatique de gestion de production<\/a><\/p>\n\n\n\n<p><a href=\"https:\/\/www.beritech.dk\/en\/beritech\/processing-products\/beritray-manual-tray-loader-system\/\">D\u00e9pileur de barquettes<\/a><\/p>\n\n\n\n<p><a href=\"https:\/\/semistaal.com\/en\/\">Syst\u00e8mes de lavage automatis\u00e9s<\/a><\/p>\n\n\n\n<p>Etc.<\/p>\n\n\n\n<div class=\"wp-block-columns are-vertically-aligned-center is-layout-flex wp-container-core-columns-is-layout-9d6595d7 wp-block-columns-is-layout-flex\">\n<div class=\"wp-block-column is-layout-flow wp-block-column-is-layout-flow\" style=\"flex-basis:50%\"><\/div>\n<\/div>\n\n\n\n<p><\/p>\n","protected":false},"excerpt":{"rendered":"<p>Nous sommes fiers chez APE de repr\u00e9senter les marques suivantes : Avec Beritech, Scanvaegt, Samey robotics et Semi Staal nous vous proposons les fonctions, \u00e9quipements et process suivants : Lignes robotis\u00e9es de chez Samey Robotics Pesage statique (balances de table) Pesage statique (plateformes au sol) D\u00e9gla\u00e7age &amp; fondoir \u00e0 glace Plateformes op\u00e9rateur &amp; machine Et\u00eatage &hellip; <\/p>\n<p class=\"link-more\"><a href=\"https:\/\/agroprocessexpertise.com\/index.php\/partenaires\/\" class=\"more-link\">Continuer la lecture<span class=\"screen-reader-text\"> de &laquo;&nbsp;Partenaires \/ Produits&nbsp;&raquo;<\/span><\/a><\/p>\n","protected":false},"author":1,"featured_media":0,"parent":0,"menu_order":0,"comment_status":"closed","ping_status":"closed","template":"","meta":{"footnotes":""},"class_list":["post-73","page","type-page","status-publish","hentry"],"_links":{"self":[{"href":"https:\/\/agroprocessexpertise.com\/index.php\/wp-json\/wp\/v2\/pages\/73","targetHints":{"allow":["GET"]}}],"collection":[{"href":"https:\/\/agroprocessexpertise.com\/index.php\/wp-json\/wp\/v2\/pages"}],"about":[{"href":"https:\/\/agroprocessexpertise.com\/index.php\/wp-json\/wp\/v2\/types\/page"}],"author":[{"embeddable":true,"href":"https:\/\/agroprocessexpertise.com\/index.php\/wp-json\/wp\/v2\/users\/1"}],"replies":[{"embeddable":true,"href":"https:\/\/agroprocessexpertise.com\/index.php\/wp-json\/wp\/v2\/comments?post=73"}],"version-history":[{"count":25,"href":"https:\/\/agroprocessexpertise.com\/index.php\/wp-json\/wp\/v2\/pages\/73\/revisions"}],"predecessor-version":[{"id":278,"href":"https:\/\/agroprocessexpertise.com\/index.php\/wp-json\/wp\/v2\/pages\/73\/revisions\/278"}],"wp:attachment":[{"href":"https:\/\/agroprocessexpertise.com\/index.php\/wp-json\/wp\/v2\/media?parent=73"}],"curies":[{"name":"wp","href":"https:\/\/api.w.org\/{rel}","templated":true}]}}