{"id":18,"date":"2024-01-24T16:06:12","date_gmt":"2024-01-24T15:06:12","guid":{"rendered":"http:\/\/www.agroprocessexpertise.com\/?page_id=18"},"modified":"2025-03-02T10:50:37","modified_gmt":"2025-03-02T09:50:37","slug":"creez-votre-site-avec-des-blocs","status":"publish","type":"page","link":"https:\/\/agroprocessexpertise.com\/","title":{"rendered":"Accueil"},"content":{"rendered":"<div class=\"wp-block-image\">\n<figure class=\"aligncenter size-large is-resized\"><img loading=\"lazy\" decoding=\"async\" width=\"1024\" height=\"182\" src=\"http:\/\/pnkkmtz.cluster029.hosting.ovh.net\/wp-content\/uploads\/2024\/01\/Logo-carte-visite-01-1024x182.png\" alt=\"\" class=\"wp-image-6\" style=\"width:690px;height:auto\" srcset=\"https:\/\/agroprocessexpertise.com\/wp-content\/uploads\/2024\/01\/Logo-carte-visite-01-1024x182.png 1024w, https:\/\/agroprocessexpertise.com\/wp-content\/uploads\/2024\/01\/Logo-carte-visite-01-300x53.png 300w, https:\/\/agroprocessexpertise.com\/wp-content\/uploads\/2024\/01\/Logo-carte-visite-01-768x136.png 768w, https:\/\/agroprocessexpertise.com\/wp-content\/uploads\/2024\/01\/Logo-carte-visite-01.png 1087w\" sizes=\"auto, (max-width: 706px) 89vw, (max-width: 767px) 82vw, 740px\" \/><\/figure>\n<\/div>\n\n\n<p><\/p>\n\n\n\n<p class=\"has-text-align-left\">Agro Process Expertise est l&rsquo;expert de vos projets. Nous vous accompagnons dans l&rsquo;analyse, l&rsquo;\u00e9tude, la conception, les choix, l&rsquo;installation et la mise en service de solutions innovantes pour r\u00e9pondre \u00e0 vos besoins sp\u00e9cifiques du secteur de l&rsquo;agroalimentaire. <\/p>\n\n\n\n<p><\/p>\n\n\n\n<p class=\"has-text-align-center\"><strong><mark style=\"background-color:rgba(0, 0, 0, 0)\" class=\"has-inline-color has-black-color\">Conseils et Expertises \/ Ing\u00e9nierie process \/ Accompagnement <\/mark><\/strong><\/p>\n\n\n\n<p><\/p>\n\n\n\n<figure class=\"wp-block-image size-full\"><img loading=\"lazy\" decoding=\"async\" width=\"4685\" height=\"1657\" src=\"https:\/\/agroprocessexpertise.com\/wp-content\/uploads\/2024\/02\/process.png\" alt=\"\" class=\"wp-image-141\" srcset=\"https:\/\/agroprocessexpertise.com\/wp-content\/uploads\/2024\/02\/process.png 4685w, https:\/\/agroprocessexpertise.com\/wp-content\/uploads\/2024\/02\/process-300x106.png 300w, https:\/\/agroprocessexpertise.com\/wp-content\/uploads\/2024\/02\/process-1024x362.png 1024w, https:\/\/agroprocessexpertise.com\/wp-content\/uploads\/2024\/02\/process-768x272.png 768w, https:\/\/agroprocessexpertise.com\/wp-content\/uploads\/2024\/02\/process-1536x543.png 1536w, https:\/\/agroprocessexpertise.com\/wp-content\/uploads\/2024\/02\/process-2048x724.png 2048w\" sizes=\"auto, (max-width: 706px) 89vw, (max-width: 767px) 82vw, 740px\" \/><\/figure>\n\n\n\n<h1 class=\"wp-block-heading\">Nos Valeurs<\/h1>\n\n\n\n<p class=\"has-text-align-left\">Bien plus que des mots nos valeurs refl\u00e8tent notre fa\u00e7on d&rsquo;\u00eatre au quotidien aupr\u00e8s de nos clients, fournisseurs et partenaires.  <\/p>\n\n\n\n<p><\/p>\n\n\n\n<p class=\"has-text-align-center\"><strong>Agilit\u00e9 \/<\/strong> <strong>Partage \/ Excellence<\/strong><\/p>\n\n\n\n<p><\/p>\n\n\n\n<figure class=\"wp-block-image size-full\"><img loading=\"lazy\" decoding=\"async\" width=\"996\" height=\"664\" src=\"https:\/\/agroprocessexpertise.com\/wp-content\/uploads\/2024\/03\/image-10.png\" alt=\"\" class=\"wp-image-190\" srcset=\"https:\/\/agroprocessexpertise.com\/wp-content\/uploads\/2024\/03\/image-10.png 996w, https:\/\/agroprocessexpertise.com\/wp-content\/uploads\/2024\/03\/image-10-300x200.png 300w, https:\/\/agroprocessexpertise.com\/wp-content\/uploads\/2024\/03\/image-10-768x512.png 768w\" sizes=\"auto, (max-width: 706px) 89vw, (max-width: 767px) 82vw, 740px\" \/><\/figure>\n\n\n\n<h1 class=\"wp-block-heading\">Nos Domaines d&rsquo;activit\u00e9s<\/h1>\n\n\n\n<p class=\"has-text-align-left\">Nous intervenons dans tous les secteurs de l&rsquo;agroalimentaire suivant vos besoins et projets. <\/p>\n\n\n\n<p><\/p>\n\n\n\n<p><\/p>\n\n\n\n<p class=\"has-text-align-center\"><strong>Produits de la mer \/ Viande \/ Volaille \/ Produits \u00e9labor\u00e9s \/ Etc. <\/strong><\/p>\n\n\n\n<p><\/p>\n\n\n\n<figure class=\"wp-block-image size-full is-resized\"><img loading=\"lazy\" decoding=\"async\" width=\"626\" height=\"352\" src=\"https:\/\/agroprocessexpertise.com\/wp-content\/uploads\/2024\/03\/image-13.png\" alt=\"\" class=\"wp-image-196\" style=\"width:674px;height:auto\" srcset=\"https:\/\/agroprocessexpertise.com\/wp-content\/uploads\/2024\/03\/image-13.png 626w, https:\/\/agroprocessexpertise.com\/wp-content\/uploads\/2024\/03\/image-13-300x169.png 300w\" sizes=\"auto, (max-width: 626px) 100vw, 626px\" \/><\/figure>\n\n\n\n<p><\/p>\n","protected":false},"excerpt":{"rendered":"<p>Agro Process Expertise est l&rsquo;expert de vos projets. Nous vous accompagnons dans l&rsquo;analyse, l&rsquo;\u00e9tude, la conception, les choix, l&rsquo;installation et la mise en service de solutions innovantes pour r\u00e9pondre \u00e0 vos besoins sp\u00e9cifiques du secteur de l&rsquo;agroalimentaire. Conseils et Expertises \/ Ing\u00e9nierie process \/ Accompagnement Nos Valeurs Bien plus que des mots nos valeurs refl\u00e8tent &hellip; <\/p>\n<p class=\"link-more\"><a href=\"https:\/\/agroprocessexpertise.com\/\" class=\"more-link\">Continuer la lecture<span class=\"screen-reader-text\"> de &laquo;&nbsp;Accueil&nbsp;&raquo;<\/span><\/a><\/p>\n","protected":false},"author":1,"featured_media":0,"parent":0,"menu_order":0,"comment_status":"closed","ping_status":"closed","template":"","meta":{"footnotes":""},"class_list":["post-18","page","type-page","status-publish","hentry"],"_links":{"self":[{"href":"https:\/\/agroprocessexpertise.com\/index.php\/wp-json\/wp\/v2\/pages\/18","targetHints":{"allow":["GET"]}}],"collection":[{"href":"https:\/\/agroprocessexpertise.com\/index.php\/wp-json\/wp\/v2\/pages"}],"about":[{"href":"https:\/\/agroprocessexpertise.com\/index.php\/wp-json\/wp\/v2\/types\/page"}],"author":[{"embeddable":true,"href":"https:\/\/agroprocessexpertise.com\/index.php\/wp-json\/wp\/v2\/users\/1"}],"replies":[{"embeddable":true,"href":"https:\/\/agroprocessexpertise.com\/index.php\/wp-json\/wp\/v2\/comments?post=18"}],"version-history":[{"count":24,"href":"https:\/\/agroprocessexpertise.com\/index.php\/wp-json\/wp\/v2\/pages\/18\/revisions"}],"predecessor-version":[{"id":223,"href":"https:\/\/agroprocessexpertise.com\/index.php\/wp-json\/wp\/v2\/pages\/18\/revisions\/223"}],"wp:attachment":[{"href":"https:\/\/agroprocessexpertise.com\/index.php\/wp-json\/wp\/v2\/media?parent=18"}],"curies":[{"name":"wp","href":"https:\/\/api.w.org\/{rel}","templated":true}]}}